{"id":569,"date":"2025-12-25T13:19:33","date_gmt":"2025-12-25T12:19:33","guid":{"rendered":"https:\/\/curadata.de\/blog\/?page_id=569"},"modified":"2026-02-08T18:30:22","modified_gmt":"2026-02-08T17:30:22","slug":"ueber-mich","status":"publish","type":"page","link":"https:\/\/curadata.de\/blog\/ueber-mich\/","title":{"rendered":"\u00dcber mich"},"content":{"rendered":"\n<div class=\"wp-block-group has-background is-layout-constrained wp-block-group-is-layout-constrained\" style=\"background-color:#eae6e3\">\n<div class=\"wp-block-group is-content-justification-space-between is-layout-flex wp-container-core-group-is-layout-9366075c wp-block-group-is-layout-flex\"><div class=\"yoast-breadcrumbs\"><span><span><a href=\"https:\/\/curadata.de\/blog\/\">Startseite<\/a><\/span> \u00bb <span class=\"breadcrumb_last\" aria-current=\"page\">\u00dcber mich<\/span><\/span><\/div>\n\n<div style=\"text-transform:none;\" class=\"wp-block-post-time-to-read\">2\u20133\u00a0Minuten<\/div><\/div>\n\n\n\n<div style=\"height:10px;width:0px\" aria-hidden=\"true\" class=\"wp-block-spacer\"><\/div>\n\n\n\n<div style=\"height:10px\" aria-hidden=\"true\" class=\"wp-block-spacer\"><\/div>\n\n\n\n<div class=\"wp-block-columns is-layout-flex wp-container-core-columns-is-layout-28f84493 wp-block-columns-is-layout-flex\">\n<div class=\"wp-block-column is-layout-flow wp-block-column-is-layout-flow\" style=\"padding-right:0px;flex-basis:60%\">\n<h2 class=\"wp-block-heading\">Hallo, ich bin Andr\u00e9<\/h2>\n\n\n\n<h4 class=\"wp-block-heading has-white-color has-ti-accent-background-color has-text-color has-background has-link-color wp-elements-652a6e59194a15cab6a37ae29dce2a71\">Orientierung und Entlastung im Pflegedschungel: warum Sie hier richtig sind<\/h4>\n\n\n\n<h5 class=\"wp-block-heading\">In der Pflege gibt es keine Schablone. Jedes Schicksal ist individuell: was bei dem einen Elternteil funktioniert hat, kann beim n\u00e4chsten schon ganz anders verlaufen. In dieser Ungewissheit ben\u00f6tigen Sie keinen starren Plan, sondern einen verl\u00e4sslichen <strong>Kompass<\/strong>, der Ihnen in jeder neuen Situation die Richtung weist.<\/h5>\n\n\n\n<p style=\"margin-bottom:20px\">Wenn ein geliebter Mensch pl\u00f6tzlich auf Hilfe angewiesen ist, ver\u00e4ndert sich alles. Zu der emotionalen Belastung st\u00f6\u00dft man auf einen Berg an B\u00fcrokratie, Fachbegriffen und schwierigen Entscheidungen. Mein Ziel mit <strong>CuraData &#8211; Content Curation<\/strong> ist es, Ihnen genau in diesem Moment den R\u00fccken freizuhalten.<\/p>\n<\/div>\n\n\n\n<div class=\"wp-block-column is-layout-flow wp-block-column-is-layout-flow\">\n<figure class=\"wp-block-image alignright size-large is-resized\"><img loading=\"lazy\" decoding=\"async\" width=\"848\" height=\"1024\" src=\"https:\/\/curadata.de\/blog\/wp-content\/uploads\/2025\/12\/Gemini_Generated_Image_ikdjbuikdjbuikdj-848x1024.png\" alt=\"Andr\u00e9 Flecken von CuraData - Content-Curation und Autor von Familie pflegen - Gut vorbereitet f\u00fcr den Pflegefall\" class=\"wp-image-580\" style=\"aspect-ratio:0.8281423948220065;width:342px;height:auto\" srcset=\"https:\/\/curadata.de\/blog\/wp-content\/uploads\/2025\/12\/Gemini_Generated_Image_ikdjbuikdjbuikdj-848x1024.png 848w, https:\/\/curadata.de\/blog\/wp-content\/uploads\/2025\/12\/Gemini_Generated_Image_ikdjbuikdjbuikdj-249x300.png 249w, https:\/\/curadata.de\/blog\/wp-content\/uploads\/2025\/12\/Gemini_Generated_Image_ikdjbuikdjbuikdj-768x927.png 768w, https:\/\/curadata.de\/blog\/wp-content\/uploads\/2025\/12\/Gemini_Generated_Image_ikdjbuikdjbuikdj.png 928w\" sizes=\"auto, (max-width: 848px) 100vw, 848px\" \/><\/figure>\n<\/div>\n<\/div>\n\n\n\n<div style=\"height:50px\" aria-hidden=\"true\" class=\"wp-block-spacer\"><\/div>\n\n\n\n<div class=\"wp-block-columns is-layout-flex wp-container-core-columns-is-layout-28f84493 wp-block-columns-is-layout-flex\">\n<div class=\"wp-block-column is-layout-flow wp-block-column-is-layout-flow\">\n<div class=\"wp-block-group is-nowrap is-layout-flex wp-container-core-group-is-layout-6c531013 wp-block-group-is-layout-flex\">\n<h4 class=\"wp-block-heading\">Ihr Nutzen: Klarheit statt Informations-Chaos<\/h4>\n<\/div>\n\n\n\n<p style=\"margin-top:21px;margin-bottom:20px\">Ich filtere die Masse an verf\u00fcgbaren Informationen, pr\u00fcfe sie auf ihre Relevanz und bereite nur das auf, was Sie in der Praxis wirklich weiterbringt. Das Ergebnis dieser Kuration ist die Essenz dessen, was Ihnen wertvolle Zeit und Nerven spart:<\/p>\n<\/div>\n\n\n\n<div class=\"wp-block-column is-layout-flow wp-block-column-is-layout-flow\">\n<ul class=\"wp-block-list\">\n<li><strong>Der Soforthilfe-Plan +:<\/strong> Ihr kostenloser Rettungsanker f\u00fcr das erste Stadium der Pflege \u2013 damit Sie die wichtigsten Weichen von Anfang an richtig stellen.<\/li>\n\n\n\n<li><strong>Das Buch \u201eFamilie pflegen\u201c:<\/strong> Die vertiefende Anleitung, die Sie Schritt f\u00fcr Schritt durch den gesamten Prozess begleitet \u2013 von der Einstufung bis zur Organisation des Alltags.<\/li>\n\n\n\n<li><strong>Dieser Blog:<\/strong> Hier greife ich aktuelle Themen und gezielte Fragen auf, um Ihnen den Alltag noch ein St\u00fcck leichter zu machen.<\/li>\n<\/ul>\n<\/div>\n<\/div>\n\n\n\n<p>Holen Sie sich den <strong>kostenlosen Soforthilfe-Plan + <\/strong>und die <strong>Leseprobe<\/strong> zum Buch noch heute nach Hause. Sie ben\u00f6tigen nur eine <strong>g\u00fcltige E-Mail Adresse<\/strong>.<\/p>\n\n\n\n<div style=\"height:50px\" aria-hidden=\"true\" class=\"wp-block-spacer\"><\/div>\n\n\n\n<div class=\"sib-form-container\" style=\"padding: 20px; background-color: #EAE6E3; border-radius: 0px; border: 1px solid #333;\">\n  <div id=\"sib-form-container\" class=\"sib-form-container\">\n    <div class=\"sib-form-container-inner\">\n      <form id=\"sib-form\" method=\"POST\" action=\"https:\/\/475cd264.sibforms.com\/serve\/MUIFAECWy4kxqD_QoP3kbPsgf1jCV_VQNH1yMBdOAMT27VRWSAks5_vHjasD4nZWz-Ygincuc1qafxf7AbzjVsJoUw28yKyz22b6NFCwWeiGg9dZ3QPbpyBqWnZsSJqOMI5OuD9FdW5cO-YP03r3qYJbAF1xpClWaC0PM1ZBtoC8B54dGstvBUkviSUsLZSFxTWTUak0_2aurhqD\" data-type=\"subscription\" style=\"padding: 10px 0;\">\n        \n        <div style=\"padding: 10px 0;\">\n          <div class=\"entry-field\">\n            <label class=\"entry-field-label\" style=\"text-align: left; font-size: 14px; font-weight: bold; color: #333; display: block; margin-bottom: 5px;\">E-Mail-Adresse *<\/label>\n            <input type=\"email\" id=\"EMAIL\" name=\"EMAIL\" data-required=\"true\" required placeholder=\"Ihre E-Mail-Adresse\" autocomplete=\"off\" \n                   style=\"width: 100%; border: 1px solid #ccc; padding: 12px; border-radius: 0px; background-color: #ffffff !important; color: #333; box-sizing: border-box;\">\n          <\/div>\n        <\/div>\n\n        <div style=\"padding: 10px 0;\">\n          <div class=\"button-container\">\n            <button class=\"button\" style=\"width: 100%; background-color: #FF9800; color: white; padding: 14px 20px; border: none; border-radius: 0px; cursor: pointer; font-size: 16px; font-weight: 600; transition: background 0.3s;\">\n              Jetzt kostenlos erhalten\n            <\/button>\n          <\/div>\n        <\/div>\n\n        <div style=\"padding: 10px 0;\">\n          <div class=\"entry-field\">\n            <p style=\"font-size: 12px; text-align: left; color: #555; line-height: 1.4; margin-bottom: 10px;\">\n              <input type=\"checkbox\" id=\"PRIVACY_POLICY\" name=\"PRIVACY_POLICY\" value=\"1\" required style=\"margin-right: 8px; transform: scale(1.1);\">\n              Ich stimme der <a href=\"datenschutz.html\" target=\"_blank\" style=\"color: #FF9800; text-decoration: underline;\">Datenschutzerkl\u00e4rung<\/a> und der Verarbeitung meiner E-Mail-Adresse zum Erhalt der angeforderten Inhalte zu.\n            <\/p>\n            <p style=\"font-size: 12px; text-align: left; color: #555; margin-top: 10px;\">\n              <strong>Wichtig:<\/strong> Wir behandeln Ihre Daten vertraulich und senden Ihnen nur Inhalte, die Ihnen wirklich weiterhelfen.\n            <\/p>\n          <\/div>\n        <\/div>\n\n        <input type=\"text\" name=\"email_address_check\" value=\"\" style=\"display:none !important;\" aria-hidden=\"true\">\n        <input type=\"hidden\" name=\"locale\" value=\"de\">\n      <\/form>\n    <\/div>\n  <\/div>\n<\/div>\n\n\n\n<div style=\"height:50px\" aria-hidden=\"true\" class=\"wp-block-spacer\"><\/div>\n\n\n\n<h4 class=\"wp-block-heading\">Mein Motiv: Warum ich Ordnung in das Chaos bringe<\/h4>\n\n\n\n<p style=\"margin-bottom:20px\">Theoretisch l\u00e4sst sich heute alles recherchieren. Doch in der Praxis scheitert man oft schon an den richtigen Suchbegriffen oder steht trotz Informationen vor verschlossenen T\u00fcren \u2013 etwa wenn alle Tagespflegepl\u00e4tze besetzt sind. Ich habe selbst erlebt, was es bedeutet, unter Stress, Hilflosigkeit und Zeitdruck \u201eLearning-by-doing\u201c betreiben zu m\u00fcssen.<\/p>\n\n\n\n<h4 class=\"wp-block-heading\">Das Resultat<\/h4>\n\n\n\n<div class=\"wp-block-columns has-background is-layout-flex wp-container-core-columns-is-layout-28f84493 wp-block-columns-is-layout-flex\" style=\"border-top-left-radius:0px;border-top-right-radius:0px;border-bottom-left-radius:0px;border-bottom-right-radius:0px;background-color:#444444\">\n<div class=\"wp-block-column is-layout-flow wp-block-column-is-layout-flow\" style=\"flex-basis:60%\">\n<p class=\"has-ti-fg-alt-color has-text-color has-link-color wp-elements-4d5ea47814fdb2671f79491f6c4df357\" style=\"margin-top:20px;margin-right:30px;margin-bottom:20px;margin-left:20px\">Hinterher ist man immer schlauer \u2013 doch in der Pflegesituation brauchen Sie dieses Wissen vorher.<\/p>\n\n\n\n<p class=\"has-ti-fg-alt-color has-text-color has-link-color wp-elements-03c881cfb71e7dadc930d1d828a884ab\" style=\"margin-right:30px;margin-bottom:20px;margin-left:20px\">Zuerst wollte ich mir lediglich einen Plan f\u00fcr die Pflege meiner weiteren Elternteile zusammenstellen. Die Idee begann mit einem einfachen Verzeichnis, einer Liste von Telefonnummern und Internetadressen. Bei der Recherche fiel mir jedoch auf, dass damit trotzdem noch viele Fragen unbeantwortet blieben. Das Chaos blieb. Ein Gedanke folgte dem n\u00e4chsten, und das Projekt wuchs stetig \u2013 bis ich schlie\u00dflich entschied: Schreib einen Ratgeber. Von Angeh\u00f6rigen f\u00fcr Angeh\u00f6rige.<\/p>\n\n\n\n<p class=\"has-ti-fg-alt-color has-text-color has-link-color wp-elements-ccedcb13c6562c29715c37e0c8f1a3c2\" style=\"margin-right:30px;margin-bottom:20px;margin-left:20px\">Mein Ziel ist es, aus dieser Erfahrung einen echten Nutzen zu ziehen und Ihnen die m\u00fchsame Suche sowie das Sortieren abzunehmen. Ich \u00fcbersetze Fachchinesisch in klare Sprache, werfe unn\u00f6tigen Ballast ab und bringe die Ereignisse in eine logische Reihenfolge. Damit Sie nicht nur informiert sind, sondern handlungsf\u00e4hig bleiben.<\/p>\n<\/div>\n\n\n\n<div class=\"wp-block-column is-layout-flow wp-block-column-is-layout-flow\">\n<figure class=\"wp-block-image aligncenter size-full\"><img loading=\"lazy\" decoding=\"async\" width=\"488\" height=\"488\" src=\"https:\/\/curadata.de\/blog\/wp-content\/uploads\/2025\/12\/kompass-1.jpg\" alt=\"Moderner Kompass\" class=\"wp-image-597\" srcset=\"https:\/\/curadata.de\/blog\/wp-content\/uploads\/2025\/12\/kompass-1.jpg 488w, https:\/\/curadata.de\/blog\/wp-content\/uploads\/2025\/12\/kompass-1-300x300.jpg 300w, https:\/\/curadata.de\/blog\/wp-content\/uploads\/2025\/12\/kompass-1-150x150.jpg 150w\" sizes=\"auto, (max-width: 488px) 100vw, 488px\" \/><\/figure>\n<\/div>\n<\/div>\n\n\n\n<div style=\"height:30px\" aria-hidden=\"true\" class=\"wp-block-spacer\"><\/div>\n\n\n\n<div style=\"max-width: 320px; margin: 0 auto;\">\n  <iframe loading=\"lazy\" width=\"100%\" height=\"569\" src=\"https:\/\/www.youtube.com\/embed\/Y0Zw7pNjtM4\" title=\"PL\u00d6TZLICH PFLEGEFALL? Dein Navigator \ud83e\udded hilft! \ud83c\udd98\" frameborder=\"0\" allow=\"accelerometer; autoplay; clipboard-write; encrypted-media; gyroscope; picture-in-picture; web-share\" referrerpolicy=\"strict-origin-when-cross-origin\" allowfullscreen><\/iframe>\n<\/div>\n\n\n\n<p><\/p>\n","protected":false},"excerpt":{"rendered":"<p>Hallo, ich bin Andr\u00e9 Orientierung und Entlastung im Pflegedschungel: warum Sie hier richtig sind In der Pflege gibt es keine Schablone. Jedes Schicksal ist individuell: was bei dem einen Elternteil funktioniert hat, kann beim n\u00e4chsten schon ganz anders verlaufen. In dieser Ungewissheit ben\u00f6tigen Sie keinen starren Plan, sondern einen verl\u00e4sslichen Kompass, der Ihnen in jeder [&hellip;]<\/p>\n","protected":false},"author":1,"featured_media":0,"parent":0,"menu_order":0,"comment_status":"closed","ping_status":"closed","template":"","meta":{"footnotes":""},"class_list":["post-569","page","type-page","status-publish","hentry"],"yoast_head":"<!-- This site is optimized with the Yoast SEO plugin v27.3 - https:\/\/yoast.com\/product\/yoast-seo-wordpress\/ -->\n<title>\u00dcber Andr\u00e9 Flecken | Gr\u00fcnder von CuraData Content Curation<\/title>\n<meta name=\"description\" content=\"Ich bin Andr\u00e9 und kuratiere die wichtigsten Tipps &amp; News f\u00fcr Angeh\u00f6rige: Sie ersparen sich mit CuraData Zeit, Energie und Stress.\" \/>\n<meta name=\"robots\" content=\"index, follow, max-snippet:-1, max-image-preview:large, max-video-preview:-1\" \/>\n<link rel=\"canonical\" href=\"https:\/\/curadata.de\/blog\/ueber-mich\/\" \/>\n<meta property=\"og:locale\" content=\"de_DE\" \/>\n<meta property=\"og:type\" content=\"article\" \/>\n<meta property=\"og:title\" content=\"\u00dcber Andr\u00e9 Flecken | Gr\u00fcnder von CuraData Content Curation\" \/>\n<meta property=\"og:description\" content=\"Ich bin Andr\u00e9 und kuratiere die wichtigsten Tipps &amp; News f\u00fcr Angeh\u00f6rige: Sie ersparen sich mit CuraData Zeit, Energie und Stress.\" \/>\n<meta property=\"og:url\" content=\"https:\/\/curadata.de\/blog\/ueber-mich\/\" \/>\n<meta property=\"og:site_name\" content=\"Der Blog zum Buch Familie pflegen\" \/>\n<meta property=\"article:modified_time\" content=\"2026-02-08T17:30:22+00:00\" \/>\n<meta property=\"og:image\" content=\"https:\/\/curadata.de\/blog\/wp-content\/uploads\/2025\/12\/Gemini_Generated_Image_ikdjbuikdjbuikdj.png\" \/>\n\t<meta property=\"og:image:width\" content=\"928\" \/>\n\t<meta property=\"og:image:height\" content=\"1120\" \/>\n\t<meta property=\"og:image:type\" content=\"image\/png\" \/>\n<meta name=\"twitter:card\" content=\"summary_large_image\" \/>\n<meta name=\"twitter:label1\" content=\"Gesch\u00e4tzte Lesezeit\" \/>\n\t<meta name=\"twitter:data1\" content=\"6\u00a0Minuten\" \/>\n<script type=\"application\/ld+json\" class=\"yoast-schema-graph\">{\"@context\":\"https:\\\/\\\/schema.org\",\"@graph\":[{\"@type\":\"WebPage\",\"@id\":\"https:\\\/\\\/curadata.de\\\/blog\\\/ueber-mich\\\/\",\"url\":\"https:\\\/\\\/curadata.de\\\/blog\\\/ueber-mich\\\/\",\"name\":\"\u00dcber Andr\u00e9 Flecken | Gr\u00fcnder von CuraData Content Curation\",\"isPartOf\":{\"@id\":\"https:\\\/\\\/curadata.de\\\/blog\\\/#website\"},\"primaryImageOfPage\":{\"@id\":\"https:\\\/\\\/curadata.de\\\/blog\\\/ueber-mich\\\/#primaryimage\"},\"image\":{\"@id\":\"https:\\\/\\\/curadata.de\\\/blog\\\/ueber-mich\\\/#primaryimage\"},\"thumbnailUrl\":\"https:\\\/\\\/curadata.de\\\/blog\\\/wp-content\\\/uploads\\\/2025\\\/12\\\/Gemini_Generated_Image_ikdjbuikdjbuikdj-848x1024.png\",\"datePublished\":\"2025-12-25T12:19:33+00:00\",\"dateModified\":\"2026-02-08T17:30:22+00:00\",\"description\":\"Ich bin Andr\u00e9 und kuratiere die wichtigsten Tipps & News f\u00fcr Angeh\u00f6rige: Sie ersparen sich mit CuraData Zeit, Energie und Stress.\",\"breadcrumb\":{\"@id\":\"https:\\\/\\\/curadata.de\\\/blog\\\/ueber-mich\\\/#breadcrumb\"},\"inLanguage\":\"de\",\"potentialAction\":[{\"@type\":\"ReadAction\",\"target\":[\"https:\\\/\\\/curadata.de\\\/blog\\\/ueber-mich\\\/\"]}]},{\"@type\":\"ImageObject\",\"inLanguage\":\"de\",\"@id\":\"https:\\\/\\\/curadata.de\\\/blog\\\/ueber-mich\\\/#primaryimage\",\"url\":\"https:\\\/\\\/curadata.de\\\/blog\\\/wp-content\\\/uploads\\\/2025\\\/12\\\/Gemini_Generated_Image_ikdjbuikdjbuikdj.png\",\"contentUrl\":\"https:\\\/\\\/curadata.de\\\/blog\\\/wp-content\\\/uploads\\\/2025\\\/12\\\/Gemini_Generated_Image_ikdjbuikdjbuikdj.png\",\"width\":928,\"height\":1120,\"caption\":\"Andr\u00e9 Flecken von CuraData - Content-Curation und Autor von Familie pflegen - Gut vorbereitet f\u00fcr den Pflegefall\"},{\"@type\":\"BreadcrumbList\",\"@id\":\"https:\\\/\\\/curadata.de\\\/blog\\\/ueber-mich\\\/#breadcrumb\",\"itemListElement\":[{\"@type\":\"ListItem\",\"position\":1,\"name\":\"Startseite\",\"item\":\"https:\\\/\\\/curadata.de\\\/blog\\\/\"},{\"@type\":\"ListItem\",\"position\":2,\"name\":\"\u00dcber mich\"}]},{\"@type\":\"WebSite\",\"@id\":\"https:\\\/\\\/curadata.de\\\/blog\\\/#website\",\"url\":\"https:\\\/\\\/curadata.de\\\/blog\\\/\",\"name\":\"Der Blog zum Buch Familie pflegen\",\"description\":\"Kuratierte Inhalte zur h\u00e4uslichen Pflege \u2013 von Tipps bis zu aktuellen Entwicklungen. Verst\u00e4ndlich, kurz und sofort nutzbar.\",\"publisher\":{\"@id\":\"https:\\\/\\\/curadata.de\\\/blog\\\/#organization\"},\"potentialAction\":[{\"@type\":\"SearchAction\",\"target\":{\"@type\":\"EntryPoint\",\"urlTemplate\":\"https:\\\/\\\/curadata.de\\\/blog\\\/?s={search_term_string}\"},\"query-input\":{\"@type\":\"PropertyValueSpecification\",\"valueRequired\":true,\"valueName\":\"search_term_string\"}}],\"inLanguage\":\"de\"},{\"@type\":\"Organization\",\"@id\":\"https:\\\/\\\/curadata.de\\\/blog\\\/#organization\",\"name\":\"CuraData - Content Curation\",\"url\":\"https:\\\/\\\/curadata.de\\\/blog\\\/\",\"logo\":{\"@type\":\"ImageObject\",\"inLanguage\":\"de\",\"@id\":\"https:\\\/\\\/curadata.de\\\/blog\\\/#\\\/schema\\\/logo\\\/image\\\/\",\"url\":\"https:\\\/\\\/curadata.de\\\/blog\\\/wp-content\\\/uploads\\\/2025\\\/12\\\/CuraDataLogoQuerBraunHellbraun.webp\",\"contentUrl\":\"https:\\\/\\\/curadata.de\\\/blog\\\/wp-content\\\/uploads\\\/2025\\\/12\\\/CuraDataLogoQuerBraunHellbraun.webp\",\"width\":680,\"height\":400,\"caption\":\"CuraData - Content Curation\"},\"image\":{\"@id\":\"https:\\\/\\\/curadata.de\\\/blog\\\/#\\\/schema\\\/logo\\\/image\\\/\"}}]}<\/script>\n<!-- \/ Yoast SEO plugin. -->","yoast_head_json":{"title":"\u00dcber Andr\u00e9 Flecken | Gr\u00fcnder von CuraData Content Curation","description":"Ich bin Andr\u00e9 und kuratiere die wichtigsten Tipps & News f\u00fcr Angeh\u00f6rige: Sie ersparen sich mit CuraData Zeit, Energie und Stress.","robots":{"index":"index","follow":"follow","max-snippet":"max-snippet:-1","max-image-preview":"max-image-preview:large","max-video-preview":"max-video-preview:-1"},"canonical":"https:\/\/curadata.de\/blog\/ueber-mich\/","og_locale":"de_DE","og_type":"article","og_title":"\u00dcber Andr\u00e9 Flecken | Gr\u00fcnder von CuraData Content Curation","og_description":"Ich bin Andr\u00e9 und kuratiere die wichtigsten Tipps & News f\u00fcr Angeh\u00f6rige: Sie ersparen sich mit CuraData Zeit, Energie und Stress.","og_url":"https:\/\/curadata.de\/blog\/ueber-mich\/","og_site_name":"Der Blog zum Buch Familie pflegen","article_modified_time":"2026-02-08T17:30:22+00:00","og_image":[{"width":928,"height":1120,"url":"https:\/\/curadata.de\/blog\/wp-content\/uploads\/2025\/12\/Gemini_Generated_Image_ikdjbuikdjbuikdj.png","type":"image\/png"}],"twitter_card":"summary_large_image","twitter_misc":{"Gesch\u00e4tzte Lesezeit":"6\u00a0Minuten"},"schema":{"@context":"https:\/\/schema.org","@graph":[{"@type":"WebPage","@id":"https:\/\/curadata.de\/blog\/ueber-mich\/","url":"https:\/\/curadata.de\/blog\/ueber-mich\/","name":"\u00dcber Andr\u00e9 Flecken | Gr\u00fcnder von CuraData Content Curation","isPartOf":{"@id":"https:\/\/curadata.de\/blog\/#website"},"primaryImageOfPage":{"@id":"https:\/\/curadata.de\/blog\/ueber-mich\/#primaryimage"},"image":{"@id":"https:\/\/curadata.de\/blog\/ueber-mich\/#primaryimage"},"thumbnailUrl":"https:\/\/curadata.de\/blog\/wp-content\/uploads\/2025\/12\/Gemini_Generated_Image_ikdjbuikdjbuikdj-848x1024.png","datePublished":"2025-12-25T12:19:33+00:00","dateModified":"2026-02-08T17:30:22+00:00","description":"Ich bin Andr\u00e9 und kuratiere die wichtigsten Tipps & News f\u00fcr Angeh\u00f6rige: Sie ersparen sich mit CuraData Zeit, Energie und Stress.","breadcrumb":{"@id":"https:\/\/curadata.de\/blog\/ueber-mich\/#breadcrumb"},"inLanguage":"de","potentialAction":[{"@type":"ReadAction","target":["https:\/\/curadata.de\/blog\/ueber-mich\/"]}]},{"@type":"ImageObject","inLanguage":"de","@id":"https:\/\/curadata.de\/blog\/ueber-mich\/#primaryimage","url":"https:\/\/curadata.de\/blog\/wp-content\/uploads\/2025\/12\/Gemini_Generated_Image_ikdjbuikdjbuikdj.png","contentUrl":"https:\/\/curadata.de\/blog\/wp-content\/uploads\/2025\/12\/Gemini_Generated_Image_ikdjbuikdjbuikdj.png","width":928,"height":1120,"caption":"Andr\u00e9 Flecken von CuraData - Content-Curation und Autor von Familie pflegen - Gut vorbereitet f\u00fcr den Pflegefall"},{"@type":"BreadcrumbList","@id":"https:\/\/curadata.de\/blog\/ueber-mich\/#breadcrumb","itemListElement":[{"@type":"ListItem","position":1,"name":"Startseite","item":"https:\/\/curadata.de\/blog\/"},{"@type":"ListItem","position":2,"name":"\u00dcber mich"}]},{"@type":"WebSite","@id":"https:\/\/curadata.de\/blog\/#website","url":"https:\/\/curadata.de\/blog\/","name":"Der Blog zum Buch Familie pflegen","description":"Kuratierte Inhalte zur h\u00e4uslichen Pflege \u2013 von Tipps bis zu aktuellen Entwicklungen. Verst\u00e4ndlich, kurz und sofort nutzbar.","publisher":{"@id":"https:\/\/curadata.de\/blog\/#organization"},"potentialAction":[{"@type":"SearchAction","target":{"@type":"EntryPoint","urlTemplate":"https:\/\/curadata.de\/blog\/?s={search_term_string}"},"query-input":{"@type":"PropertyValueSpecification","valueRequired":true,"valueName":"search_term_string"}}],"inLanguage":"de"},{"@type":"Organization","@id":"https:\/\/curadata.de\/blog\/#organization","name":"CuraData - Content Curation","url":"https:\/\/curadata.de\/blog\/","logo":{"@type":"ImageObject","inLanguage":"de","@id":"https:\/\/curadata.de\/blog\/#\/schema\/logo\/image\/","url":"https:\/\/curadata.de\/blog\/wp-content\/uploads\/2025\/12\/CuraDataLogoQuerBraunHellbraun.webp","contentUrl":"https:\/\/curadata.de\/blog\/wp-content\/uploads\/2025\/12\/CuraDataLogoQuerBraunHellbraun.webp","width":680,"height":400,"caption":"CuraData - Content Curation"},"image":{"@id":"https:\/\/curadata.de\/blog\/#\/schema\/logo\/image\/"}}]}},"_links":{"self":[{"href":"https:\/\/curadata.de\/blog\/wp-json\/wp\/v2\/pages\/569","targetHints":{"allow":["GET"]}}],"collection":[{"href":"https:\/\/curadata.de\/blog\/wp-json\/wp\/v2\/pages"}],"about":[{"href":"https:\/\/curadata.de\/blog\/wp-json\/wp\/v2\/types\/page"}],"author":[{"embeddable":true,"href":"https:\/\/curadata.de\/blog\/wp-json\/wp\/v2\/users\/1"}],"replies":[{"embeddable":true,"href":"https:\/\/curadata.de\/blog\/wp-json\/wp\/v2\/comments?post=569"}],"version-history":[{"count":31,"href":"https:\/\/curadata.de\/blog\/wp-json\/wp\/v2\/pages\/569\/revisions"}],"predecessor-version":[{"id":884,"href":"https:\/\/curadata.de\/blog\/wp-json\/wp\/v2\/pages\/569\/revisions\/884"}],"wp:attachment":[{"href":"https:\/\/curadata.de\/blog\/wp-json\/wp\/v2\/media?parent=569"}],"curies":[{"name":"wp","href":"https:\/\/api.w.org\/{rel}","templated":true}]}}